{"id":1653,"date":"2014-02-25T11:15:28","date_gmt":"2014-02-25T11:15:28","guid":{"rendered":"http:\/\/masdent.com\/demana-hora\/"},"modified":"2017-09-14T12:16:07","modified_gmt":"2017-09-14T12:16:07","slug":"pide-hora","status":"publish","type":"page","link":"https:\/\/masdent.com\/es\/pide-hora\/","title":{"rendered":"Pide hora"},"content":{"rendered":"<div class=\"fusion-fullwidth fullwidth-box fusion-builder-row-1 nonhundred-percent-fullwidth non-hundred-percent-height-scrolling\" style=\"--awb-border-radius-top-left:0px;--awb-border-radius-top-right:0px;--awb-border-radius-bottom-right:0px;--awb-border-radius-bottom-left:0px;--awb-padding-top:0px;--awb-padding-right:0px;--awb-padding-bottom:0px;--awb-padding-left:0px;--awb-flex-wrap:wrap;\" ><div class=\"fusion-builder-row fusion-row\"><div class=\"fusion-layout-column fusion_builder_column fusion-builder-column-0 fusion_builder_column_1_6 1_6 fusion-one-sixth fusion-column-first\" style=\"--awb-bg-size:cover;width:16.666666666667%;width:calc(16.666666666667% - ( ( 4% + 4% ) * 0.16666666666667 ) );margin-right: 4%;\"><div class=\"fusion-column-wrapper fusion-flex-column-wrapper-legacy\"><div class=\"fusion-clearfix\"><\/div><\/div><\/div><div class=\"fusion-layout-column fusion_builder_column fusion-builder-column-1 fusion_builder_column_2_3 2_3 fusion-two-third\" style=\"--awb-bg-size:cover;width:66.666666666667%;width:calc(66.666666666667% - ( ( 4% + 4% ) * 0.66666666666667 ) );margin-right: 4%;\"><div class=\"fusion-column-wrapper fusion-flex-column-wrapper-legacy\"><div class=\"fusion-text fusion-text-1\"><script type=\"text\/javascript\">var gform;gform||(document.addEventListener(\"gform_main_scripts_loaded\",function(){gform.scriptsLoaded=!0}),window.addEventListener(\"DOMContentLoaded\",function(){gform.domLoaded=!0}),gform={domLoaded:!1,scriptsLoaded:!1,initializeOnLoaded:function(o){gform.domLoaded&&gform.scriptsLoaded?o():!gform.domLoaded&&gform.scriptsLoaded?window.addEventListener(\"DOMContentLoaded\",o):document.addEventListener(\"gform_main_scripts_loaded\",o)},hooks:{action:{},filter:{}},addAction:function(o,n,r,t){gform.addHook(\"action\",o,n,r,t)},addFilter:function(o,n,r,t){gform.addHook(\"filter\",o,n,r,t)},doAction:function(o){gform.doHook(\"action\",o,arguments)},applyFilters:function(o){return gform.doHook(\"filter\",o,arguments)},removeAction:function(o,n){gform.removeHook(\"action\",o,n)},removeFilter:function(o,n,r){gform.removeHook(\"filter\",o,n,r)},addHook:function(o,n,r,t,i){null==gform.hooks[o][n]&&(gform.hooks[o][n]=[]);var e=gform.hooks[o][n];null==i&&(i=n+\"_\"+e.length),gform.hooks[o][n].push({tag:i,callable:r,priority:t=null==t?10:t})},doHook:function(n,o,r){var t;if(r=Array.prototype.slice.call(r,1),null!=gform.hooks[n][o]&&((o=gform.hooks[n][o]).sort(function(o,n){return o.priority-n.priority}),o.forEach(function(o){\"function\"!=typeof(t=o.callable)&&(t=window[t]),\"action\"==n?t.apply(null,r):r[0]=t.apply(null,r)})),\"filter\"==n)return r[0]},removeHook:function(o,n,t,i){var r;null!=gform.hooks[o][n]&&(r=(r=gform.hooks[o][n]).filter(function(o,n,r){return!!(null!=i&&i!=o.tag||null!=t&&t!=o.priority)}),gform.hooks[o][n]=r)}});<\/script>\n                <div class='gf_browser_gecko gform_wrapper gform_legacy_markup_wrapper' id='gform_wrapper_1' ><form method='post' enctype='multipart\/form-data'  id='gform_1'  action='\/es\/wp-json\/wp\/v2\/pages\/1653' >\n                        <div class='gform_body gform-body'><ul id='gform_fields_1' class='gform_fields top_label form_sublabel_below description_below'><li id=\"field_1_1\" class=\"gfield gfield_contains_required field_sublabel_below field_description_below gfield_visibility_visible\" ><label class='gfield_label' for='input_1_1' >Fecha propuesta (obligatorio)<span class=\"gfield_required\"><span class=\"gfield_required gfield_required_asterisk\">*<\/span><\/span><\/label><div class='ginput_container ginput_container_date'>\n                            <input name='input_1' id='input_1_1' type='text' value='' class='datepicker dmy datepicker_with_icon gdatepicker_with_icon'   placeholder='10\/05\/2026' aria-describedby=\"input_1_1_date_format\" aria-invalid=\"false\" aria-required=\"true\"\/>\n                            <span id='input_1_1_date_format' class='screen-reader-text'>DD barra MM barra AAAA<\/span>\n                        <\/div>\n                        <input type='hidden' id='gforms_calendar_icon_input_1_1' class='gform_hidden' value='https:\/\/masdent.com\/wp-content\/plugins\/gravityforms\/images\/datepicker\/datepicker.svg'\/><\/li><li id=\"field_1_2\" class=\"gfield gfield_contains_required field_sublabel_below field_description_below gfield_visibility_visible\" ><label class='gfield_label gfield_label_before_complex'  >Hora (obligatorio)<span class=\"gfield_required\"><span class=\"gfield_required gfield_required_asterisk\">*<\/span><\/span><\/label><div class=\"ginput_complex\"><div class=\"clear-multi\">\n                        <div class='gfield_time_hour ginput_container ginput_container_time' id='input_1_2'>\n                            <input type='text' maxlength='2' name='input_2[]' id='input_1_2_1' value=''    placeholder='HH' aria-required='true'   \/> <i>:<\/i>\n                            <label class='hour_label' for='input_1_2_1' >hh<\/label>\n                        <\/div>\n                        \n                        <div class='gfield_time_minute ginput_container ginput_container_time'>\n                            <input type='text' maxlength='2' name='input_2[]' id='input_1_2_2' value=''    placeholder='MM' aria-required='true'  \/>\n                            <label class='minute_label' for='input_1_2_2' >mm<\/label>\n                        <\/div>\n                        \n                    <\/div><\/div><\/li><li id=\"field_1_3\" class=\"gfield field_sublabel_below field_description_below gfield_visibility_visible\" ><label class='gfield_label gfield_label_before_complex'  >Servicio<\/label><div class='ginput_container ginput_container_checkbox'><ul class='gfield_checkbox' id='input_1_3'><li class='gchoice gchoice_1_3_1'>\n\t\t\t\t\t\t\t\t<input class='gfield-choice-input' name='input_3.1' type='checkbox'  value='Implantes'  id='choice_1_3_1'   \/>\n\t\t\t\t\t\t\t\t<label for='choice_1_3_1' id='label_1_3_1'>Implantes<\/label>\n\t\t\t\t\t\t\t<\/li><li class='gchoice gchoice_1_3_2'>\n\t\t\t\t\t\t\t\t<input class='gfield-choice-input' name='input_3.2' type='checkbox'  value='Pr\u00f3tesis dentales'  id='choice_1_3_2'   \/>\n\t\t\t\t\t\t\t\t<label for='choice_1_3_2' id='label_1_3_2'>Pr\u00f3tesis dentales<\/label>\n\t\t\t\t\t\t\t<\/li><li class='gchoice gchoice_1_3_3'>\n\t\t\t\t\t\t\t\t<input class='gfield-choice-input' name='input_3.3' type='checkbox'  value='Ortodoncia'  id='choice_1_3_3'   \/>\n\t\t\t\t\t\t\t\t<label for='choice_1_3_3' id='label_1_3_3'>Ortodoncia<\/label>\n\t\t\t\t\t\t\t<\/li><li class='gchoice gchoice_1_3_4'>\n\t\t\t\t\t\t\t\t<input class='gfield-choice-input' name='input_3.4' type='checkbox'  value='Audiometr\u00eda * Este servicio se realiza el lunes por la ma\u00f1ana'  id='choice_1_3_4'   \/>\n\t\t\t\t\t\t\t\t<label for='choice_1_3_4' id='label_1_3_4'>Audiometr\u00eda * Este servicio se realiza el lunes por la ma\u00f1ana<\/label>\n\t\t\t\t\t\t\t<\/li><li class='gchoice gchoice_1_3_5'>\n\t\t\t\t\t\t\t\t<input class='gfield-choice-input' name='input_3.5' type='checkbox'  value='Endodoncia'  id='choice_1_3_5'   \/>\n\t\t\t\t\t\t\t\t<label for='choice_1_3_5' id='label_1_3_5'>Endodoncia<\/label>\n\t\t\t\t\t\t\t<\/li><li class='gchoice gchoice_1_3_6'>\n\t\t\t\t\t\t\t\t<input class='gfield-choice-input' name='input_3.6' type='checkbox'  value='Periodoncia'  id='choice_1_3_6'   \/>\n\t\t\t\t\t\t\t\t<label for='choice_1_3_6' id='label_1_3_6'>Periodoncia<\/label>\n\t\t\t\t\t\t\t<\/li><li class='gchoice gchoice_1_3_7'>\n\t\t\t\t\t\t\t\t<input class='gfield-choice-input' name='input_3.7' type='checkbox'  value='Odontolog\u00eda General'  id='choice_1_3_7'   \/>\n\t\t\t\t\t\t\t\t<label for='choice_1_3_7' id='label_1_3_7'>Odontolog\u00eda General<\/label>\n\t\t\t\t\t\t\t<\/li><li class='gchoice gchoice_1_3_8'>\n\t\t\t\t\t\t\t\t<input class='gfield-choice-input' name='input_3.8' type='checkbox'  value='Odontopediatr\u00eda'  id='choice_1_3_8'   \/>\n\t\t\t\t\t\t\t\t<label for='choice_1_3_8' id='label_1_3_8'>Odontopediatr\u00eda<\/label>\n\t\t\t\t\t\t\t<\/li><li class='gchoice gchoice_1_3_9'>\n\t\t\t\t\t\t\t\t<input class='gfield-choice-input' name='input_3.9' type='checkbox'  value='Est\u00e9tica dental'  id='choice_1_3_9'   \/>\n\t\t\t\t\t\t\t\t<label for='choice_1_3_9' id='label_1_3_9'>Est\u00e9tica dental<\/label>\n\t\t\t\t\t\t\t<\/li><li class='gchoice gchoice_1_3_11'>\n\t\t\t\t\t\t\t\t<input class='gfield-choice-input' name='input_3.11' type='checkbox'  value='Radiolog\u00eda 3D'  id='choice_1_3_11'   \/>\n\t\t\t\t\t\t\t\t<label for='choice_1_3_11' id='label_1_3_11'>Radiolog\u00eda 3D<\/label>\n\t\t\t\t\t\t\t<\/li><li class='gchoice gchoice_1_3_12'>\n\t\t\t\t\t\t\t\t<input class='gfield-choice-input' name='input_3.12' type='checkbox'  value='\u00c1cido hialur\u00f3nico facial'  id='choice_1_3_12'   \/>\n\t\t\t\t\t\t\t\t<label for='choice_1_3_12' id='label_1_3_12'>\u00c1cido hialur\u00f3nico facial<\/label>\n\t\t\t\t\t\t\t<\/li><li class='gchoice gchoice_1_3_13'>\n\t\t\t\t\t\t\t\t<input class='gfield-choice-input' name='input_3.13' type='checkbox'  value='PROMOCI\u00d3N LIMPIEZAS BUCALES 25\u20ac * Martes tarde y viernes ma\u00f1ana'  id='choice_1_3_13'   \/>\n\t\t\t\t\t\t\t\t<label for='choice_1_3_13' id='label_1_3_13'>PROMOCI\u00d3N LIMPIEZAS BUCALES 25\u20ac * Martes tarde y viernes ma\u00f1ana<\/label>\n\t\t\t\t\t\t\t<\/li><\/ul><\/div><\/li><li id=\"field_1_4\" class=\"gfield gfield_contains_required field_sublabel_below field_description_below gfield_visibility_visible\" ><label class='gfield_label gfield_label_before_complex'  >Nombre paciente (obligatorio)<span class=\"gfield_required\"><span class=\"gfield_required gfield_required_asterisk\">*<\/span><\/span><\/label><div class='ginput_complex ginput_container no_prefix has_first_name no_middle_name has_last_name no_suffix gf_name_has_2 ginput_container_name' id='input_1_4'>\n                            \n                            <span id='input_1_4_3_container' class='name_first' >\n                                                    <input type='text' name='input_4.3' id='input_1_4_3' value=''   aria-required='true'     \/>\n                                                    <label for='input_1_4_3' >Nombre<\/label>\n                                                <\/span>\n                            \n                            <span id='input_1_4_6_container' class='name_last' >\n                                                    <input type='text' name='input_4.6' id='input_1_4_6' value=''   aria-required='true'     \/>\n                                                    <label for='input_1_4_6' >Apellidos<\/label>\n                                                <\/span>\n                            \n                        <\/div><\/li><li id=\"field_1_5\" class=\"gfield gfield_contains_required field_sublabel_below field_description_below gfield_visibility_visible\" ><label class='gfield_label' for='input_1_5' >Tel\u00e9fono (obligatorio)<span class=\"gfield_required\"><span class=\"gfield_required gfield_required_asterisk\">*<\/span><\/span><\/label><div class='ginput_container ginput_container_phone'><input name='input_5' id='input_1_5' type='text' value='' class='medium'   aria-required=\"true\" aria-invalid=\"false\"   \/><\/div><\/li><li id=\"field_1_6\" class=\"gfield field_sublabel_below field_description_below gfield_visibility_visible\" ><label class='gfield_label' for='input_1_6' >Tel\u00e9fono m\u00f3vil<\/label><div class='ginput_container ginput_container_phone'><input name='input_6' id='input_1_6' type='text' value='' class='medium'    aria-invalid=\"false\"   \/><\/div><\/li><li id=\"field_1_7\" class=\"gfield gfield_contains_required field_sublabel_below field_description_below gfield_visibility_visible\" ><label class='gfield_label gfield_label_before_complex'  >Correu electr\u00f2nic (obligatori)<span class=\"gfield_required\"><span class=\"gfield_required gfield_required_asterisk\">*<\/span><\/span><\/label><div class='ginput_complex ginput_container ginput_container_email' id='input_1_7_container'>\n                                <span id='input_1_7_1_container' class='ginput_left'>\n                                    <input class='' type='text' name='input_7' id='input_1_7' value=''    aria-required=\"true\" aria-invalid=\"false\"  \/>\n                                    <label for='input_1_7' >Correo electr\u00f3nico<\/label>\n                                <\/span>\n                                <span id='input_1_7_2_container' class='ginput_right'>\n                                    <input class='' type='text' name='input_7_2' id='input_1_7_2' value=''    aria-required=\"true\" aria-invalid=\"false\"  \/>\n                                    <label for='input_1_7_2' >Confirma tu correo<\/label>\n                                <\/span>\n                                <div class='gf_clear gf_clear_complex'><\/div>\n                            <\/div><\/li><li id=\"field_1_10\" class=\"gfield field_sublabel_below field_description_below gfield_visibility_visible\" ><label class='gfield_label' for='input_1_10' >Observaciones<\/label><div class='ginput_container ginput_container_textarea'><textarea name='input_10' id='input_1_10' class='textarea medium'      aria-invalid=\"false\"   rows='10' cols='50'><\/textarea><\/div><\/li><li id=\"field_1_11\" class=\"gfield field_sublabel_below field_description_below gfield_visibility_visible\" ><label class='gfield_label' for='input_1_11' >\u00bfC\u00f3mo nos has conocido?<\/label><div class='ginput_container ginput_container_select'><select name='input_11' id='input_1_11' class='medium gfield_select'     aria-invalid=\"false\" ><option value='Por un amigo' >Por un amigo<\/option><option value='En buscadores como Google' >A cercadors com Google<\/option><option value='En las redes sociales' >En las redes sociales<\/option><option value='En un documento impreso' >En un documento impreso<\/option><option value='Anunci de correus' >Anunci de correus<\/option><\/select><\/div><\/li><li id=\"field_1_12\" class=\"gfield gfield_contains_required field_sublabel_below field_description_below gfield_visibility_visible\" ><label class='gfield_label gfield_label_before_complex'  >Pol\u00edtica de privacitat<span class=\"gfield_required\"><span class=\"gfield_required gfield_required_asterisk\">*<\/span><\/span><\/label><div class='ginput_container ginput_container_checkbox'><ul class='gfield_checkbox' id='input_1_12'><li class='gchoice gchoice_1_12_1'>\n\t\t\t\t\t\t\t\t<input class='gfield-choice-input' name='input_12.1' type='checkbox'  value='Acepto la &lt;a href=&quot;https:\/\/masdent.com\/es\/politica-de-privacidad\/&quot; target=&quot;_blank&quot;&gt;Pol\u00edtica de privacidad&lt;\/a&gt;. '  id='choice_1_12_1'   aria-describedby=\"gfield_description_1_12\"\/>\n\t\t\t\t\t\t\t\t<label for='choice_1_12_1' id='label_1_12_1'>Acepto la <a href=\"https:\/\/masdent.com\/es\/politica-de-privacidad\/\" target=\"_blank\">Pol\u00edtica de privacidad<\/a>. <\/label>\n\t\t\t\t\t\t\t<\/li><\/ul><\/div><div class='gfield_description' id='gfield_description_1_12'><b>Responsable del tratamiento<\/b>: CLINICA DENTAL MASDENT SCP<br> <b>Finalidades del tratamiento<\/b>: usaremos tus datos para agendar alguna visita y atender tus dudas, consultas y sugerencias.<br> <b>Derechos de los interesados<\/b>: Puede ejercer sus derechos de acceso, rectificaci\u00f3n, supresi\u00f3n y portabilidad de sus datos, de limitaci\u00f3n y oposici\u00f3n a su tratamiento en <a href=\"mailto:masdent@masdent. com\">masdent@masdent.com<\/a><br> <b>M\u00e1s informaci\u00f3n<\/b>: en nuestra <a href=\"https:\/\/masdent.com\/es\/politica-de-privacidad\/\" target=\"_blank\">Pol\u00edtica de privacidad< \/a>.<\/div><\/li><li id=\"field_1_13\" class=\"gfield field_sublabel_below field_description_below gfield_visibility_visible\" ><label class='gfield_label' for='input_1_13' >CAPTCHA<\/label><div id='input_1_13' class='ginput_container ginput_recaptcha' data-sitekey='6LfcqzAUAAAAADLVxf_kZkCcOMojIfPXhyCE1OwL'  data-theme='light' data-tabindex='0'  data-badge=''><\/div><\/li><\/ul><\/div>\n        <div class='gform_footer top_label'> <input type='submit' id='gform_submit_button_1' class='gform_button button' value='Enviar'  onclick='if(window[\"gf_submitting_1\"]){return false;}  window[\"gf_submitting_1\"]=true;  ' onkeypress='if( event.keyCode == 13 ){ if(window[\"gf_submitting_1\"]){return false;} window[\"gf_submitting_1\"]=true;  jQuery(\"#gform_1\").trigger(\"submit\",[true]); }' \/> \n            <input type='hidden' class='gform_hidden' name='is_submit_1' value='1' \/>\n            <input type='hidden' class='gform_hidden' name='gform_submit' value='1' \/>\n            \n            <input type='hidden' class='gform_hidden' name='gform_unique_id' value='' \/>\n            <input type='hidden' class='gform_hidden' name='state_1' value='WyJbXSIsIjRkOGQyYzNhNWE5NTFmMTQ4YWU5OGM0ZDI1MWU3M2JkIl0=' \/>\n            <input type='hidden' class='gform_hidden' name='gform_target_page_number_1' id='gform_target_page_number_1' value='0' \/>\n            <input type='hidden' class='gform_hidden' name='gform_source_page_number_1' id='gform_source_page_number_1' value='1' \/>\n            <input type='hidden' name='gform_field_values' value='' \/>\n            \n        <\/div>\n                        <\/form>\n                        <\/div>\n<\/div><div class=\"fusion-clearfix\"><\/div><\/div><\/div><div class=\"fusion-layout-column fusion_builder_column fusion-builder-column-2 fusion_builder_column_1_6 1_6 fusion-one-sixth fusion-column-last\" style=\"--awb-bg-size:cover;width:16.666666666667%;width:calc(16.666666666667% - ( ( 4% + 4% ) * 0.16666666666667 ) );\"><div class=\"fusion-column-wrapper fusion-flex-column-wrapper-legacy\"><div class=\"fusion-clearfix\"><\/div><\/div><\/div><\/div><\/div>\n","protected":false},"excerpt":{"rendered":"","protected":false},"author":1,"featured_media":0,"parent":0,"menu_order":0,"comment_status":"open","ping_status":"open","template":"","meta":{"footnotes":""},"class_list":["post-1653","page","type-page","status-publish","hentry"],"_links":{"self":[{"href":"https:\/\/masdent.com\/es\/wp-json\/wp\/v2\/pages\/1653","targetHints":{"allow":["GET"]}}],"collection":[{"href":"https:\/\/masdent.com\/es\/wp-json\/wp\/v2\/pages"}],"about":[{"href":"https:\/\/masdent.com\/es\/wp-json\/wp\/v2\/types\/page"}],"author":[{"embeddable":true,"href":"https:\/\/masdent.com\/es\/wp-json\/wp\/v2\/users\/1"}],"replies":[{"embeddable":true,"href":"https:\/\/masdent.com\/es\/wp-json\/wp\/v2\/comments?post=1653"}],"version-history":[{"count":4,"href":"https:\/\/masdent.com\/es\/wp-json\/wp\/v2\/pages\/1653\/revisions"}],"predecessor-version":[{"id":1746,"href":"https:\/\/masdent.com\/es\/wp-json\/wp\/v2\/pages\/1653\/revisions\/1746"}],"wp:attachment":[{"href":"https:\/\/masdent.com\/es\/wp-json\/wp\/v2\/media?parent=1653"}],"curies":[{"name":"wp","href":"https:\/\/api.w.org\/{rel}","templated":true}]}}